{"id":19,"date":"2017-07-25T09:29:18","date_gmt":"2017-07-25T09:29:18","guid":{"rendered":"http:\/\/demo2.steelthemes.com\/cargohub\/?page_id=19"},"modified":"2025-03-02T02:37:45","modified_gmt":"2025-03-01T23:37:45","slug":"contact","status":"publish","type":"page","link":"https:\/\/activelojistik.com\/en\/contact\/","title":{"rendered":"Contact"},"content":{"rendered":"<section class=\"wpb-content-wrapper\"><p>[vc_row disable_element=&#8221;yes&#8221; css=&#8221;.vc_custom_1739912977905{padding-top: 70px !important;padding-bottom: 35px !important;}&#8221;][vc_column offset=&#8221;vc_col-lg-8 vc_col-md-8&#8243;][vc_row_inner][vc_column_inner offset=&#8221;vc_col-lg-6 vc_col-md-6&#8243;][\/vc_column_inner][vc_column_inner offset=&#8221;vc_col-lg-6 vc_col-md-6&#8243;][\/vc_column_inner][\/vc_row_inner][\/vc_column][vc_column css=&#8221;.vc_custom_1503374718925{padding-top: 10px !important;}&#8221; offset=&#8221;vc_col-lg-4 vc_col-md-4&#8243;][vc_column_text]<\/p>\n<div class=\"opening-hours vc_opening-hours\">\n<h3>\u00c7ALI\u015eMA SAATLER\u0130M\u0130Z<\/h3>\n<ul>\n<li>Pazartesi <span class=\"hour\">09:00\u00a0 \u2013 18.00\u00a0<\/span><\/li>\n<li>Sal\u0131\u00a0 <span class=\"hour\">09:00\u00a0 \u2013 18.00\u00a0<\/span><\/li>\n<li>\u00c7ar\u015famba\u00a0 <span class=\"hour\">09:00\u00a0 \u2013 18.00<\/span><\/li>\n<li>Per\u015fembe <span class=\"hour\">09:00\u00a0 \u2013 18.00\u00a0<\/span><\/li>\n<li>Cuma <span class=\"hour\">09:00\u00a0 \u2013 18.00\u00a0<\/span><\/li>\n<li>Cumartesi <span class=\"hour\">09:00\u00a0 \u2013 14.00\u00a0<\/span><\/li>\n<li>Pazar <span class=\"hour main-color\">Kapal\u0131<\/span><\/li>\n<\/ul>\n<\/div>\n<p>[\/vc_column_text][\/vc_column][\/vc_row][vc_row css=&#8221;.vc_custom_1739900884732{padding-top: 70px !important;padding-bottom: 80px !important;background-color: #f7f7f7 !important;}&#8221;][vc_column width=&#8221;1\/2&#8243;]<div class=\"fh-section-title clearfix  text-left version-dark\"><h2 style=\"font-size: 24px\">CONTACT INFORMATION<\/h2><\/div>[vc_empty_space height=&#8221;35px&#8221;][vc_column_text]If you have questions about our services and loads, you can always contact us by email or telephone. You will be returned within 24 hours.[\/vc_column_text][vc_empty_space height=&#8221;35px&#8221;]<div class=\"fh-contact-box type-address \"><i class=\"flaticon-pin\"><\/i><h4 class=\"box-title\">Address<\/h4><div class=\"desc\"><h6>\u00c7ankaya Mah 4706 Sk. No:112 Sky Sense Office kat:11\/33 33070 Akdeniz\/Mersin &#8211; TURKIYE<\/h6>\n<\/div><\/div><div class=\"fh-contact-box type-email \"><i class=\"flaticon-business\"><\/i><h4 class=\"box-title\">E-Mail<\/h4><div class=\"desc\"><div class=\"product-feature\">\n<h6>active@activelojistik.info<br \/>\nmuhasebe@activelojistik.com<br \/>\nesvet.deniz@activelojistik.com<br \/>\nrukendeniz@activelojistik.com<br \/>\nteslime.selvi@activelojistik.com<\/h6>\n<\/div>\n<\/div><\/div><div class=\"fh-contact-box type-phone \"><i class=\"flaticon-phone-call \"><\/i><h4 class=\"box-title\">Phone<\/h4><div class=\"desc\"><h6>+90 324 239 22 69<\/h6>\n<\/div><\/div><div class=\"fh-icon-box icon-type-monosocial style-2 version-dark hide-button icon-left  \" style=\"background-image: url()\"><span class=\"fh-icon\"><i class=\"vc-mono vc-mono-linkedin\"><\/i><\/span><h4 class=\"box-title\"><a href=\"https:\/\/www.linkedin.com\/company\/active-lojistik-nak-san-ve-tic-ltd\/\" title=\"Linkedin\">Linkedin<\/a><\/h4><div class=\"desc\"><p>Active Lojistik<\/p>\n<\/div><\/div>[\/vc_column][vc_column width=&#8221;1\/2&#8243;][vc_empty_space height=&#8221;64px&#8221;]\n<div class=\"wpcf7 no-js\" id=\"wpcf7-f2292-o1\" lang=\"en-US\" dir=\"ltr\" data-wpcf7-id=\"2292\">\n<div class=\"screen-reader-response\"><p role=\"status\" aria-live=\"polite\" aria-atomic=\"true\"><\/p> <ul><\/ul><\/div>\n<form action=\"\/en\/wp-json\/wp\/v2\/pages\/19#wpcf7-f2292-o1\" method=\"post\" class=\"wpcf7-form init\" aria-label=\"Contact form\" novalidate=\"novalidate\" data-status=\"init\">\n<div style=\"display: none;\">\n<input type=\"hidden\" name=\"_wpcf7\" value=\"2292\" \/>\n<input type=\"hidden\" name=\"_wpcf7_version\" value=\"6.0.4\" \/>\n<input type=\"hidden\" name=\"_wpcf7_locale\" value=\"en_US\" \/>\n<input type=\"hidden\" name=\"_wpcf7_unit_tag\" value=\"wpcf7-f2292-o1\" \/>\n<input type=\"hidden\" name=\"_wpcf7_container_post\" value=\"0\" \/>\n<input type=\"hidden\" name=\"_wpcf7_posted_data_hash\" value=\"\" \/>\n<input type=\"hidden\" name=\"_uacf7_hidden_conditional_fields\" value=\"\" \/>\n<\/div>\n<div class=\"uacf7-form-2292  \"><label> Your Name (required)\n    <span class=\"wpcf7-form-control-wrap\" data-name=\"your-name\"><input size=\"40\" maxlength=\"400\" class=\"wpcf7-form-control wpcf7-text wpcf7-validates-as-required\" aria-required=\"true\" aria-invalid=\"false\" value=\"\" type=\"text\" name=\"your-name\" \/><\/span> <\/label>\n\n<label> Your Email (required)\n    <span class=\"wpcf7-form-control-wrap\" data-name=\"your-email\"><input size=\"40\" maxlength=\"400\" class=\"wpcf7-form-control wpcf7-email wpcf7-validates-as-required wpcf7-text wpcf7-validates-as-email\" aria-required=\"true\" aria-invalid=\"false\" value=\"\" type=\"email\" name=\"your-email\" \/><\/span> <\/label>\n\n<label> Subject\n    <span class=\"wpcf7-form-control-wrap\" data-name=\"your-subject\"><input size=\"40\" maxlength=\"400\" class=\"wpcf7-form-control wpcf7-text\" aria-invalid=\"false\" value=\"\" type=\"text\" name=\"your-subject\" \/><\/span> <\/label>\n\n<label> Your Message\n    <span class=\"wpcf7-form-control-wrap\" data-name=\"your-message\"><textarea cols=\"40\" rows=\"10\" maxlength=\"2000\" class=\"wpcf7-form-control wpcf7-textarea\" aria-invalid=\"false\" name=\"your-message\"><\/textarea><\/span> <\/label>\n\n<input class=\"wpcf7-form-control wpcf7-submit has-spinner\" type=\"submit\" value=\"Send\" \/><\/div><div class=\"wpcf7-response-output\" aria-hidden=\"true\"><\/div>\n<\/form>\n<\/div>\n[\/vc_column][\/vc_row][vc_row disable_element=&#8221;yes&#8221; css=&#8221;.vc_custom_1739913012176{padding-top: 70px !important;padding-bottom: 80px !important;background-color: #f7f7f7 !important;}&#8221;][vc_column]<div class=\"fh-section-title clearfix  text-center version-dark\"><h2 style=\"font-size: 26px\">\u0130leti\u015fim Formu<\/h2><\/div>[vc_empty_space height=&#8221;30px&#8221;][vc_column_text]<\/p>\n<div style=\"width: 70%; margin: 0 auto; text-align: center; font-weight: 300;\">Hizmetlerimiz ve y\u00fckleriniz hakk\u0131ndaki sorular\u0131n\u0131z i\u00e7in, bize her zaman e-posta veya telefonla ula\u015fabilirsiniz. 24 saat i\u00e7inde geri d\u00f6n\u00fc\u015f sa\u011flanacakt\u0131r.<\/div>\n<p>[\/vc_column_text][vc_empty_space height=&#8221;50px&#8221;]\n<div class=\"wpcf7 no-js\" id=\"wpcf7-f6-o2\" lang=\"tr-TR\" dir=\"ltr\" data-wpcf7-id=\"6\">\n<div class=\"screen-reader-response\"><p role=\"status\" aria-live=\"polite\" aria-atomic=\"true\"><\/p> <ul><\/ul><\/div>\n<form action=\"\/en\/wp-json\/wp\/v2\/pages\/19#wpcf7-f6-o2\" method=\"post\" class=\"wpcf7-form init\" aria-label=\"\u0130leti\u015fim Formu\" novalidate=\"novalidate\" data-status=\"init\">\n<div style=\"display: none;\">\n<input type=\"hidden\" name=\"_wpcf7\" value=\"6\" \/>\n<input type=\"hidden\" name=\"_wpcf7_version\" value=\"6.0.4\" \/>\n<input type=\"hidden\" name=\"_wpcf7_locale\" value=\"tr_TR\" \/>\n<input type=\"hidden\" name=\"_wpcf7_unit_tag\" value=\"wpcf7-f6-o2\" \/>\n<input type=\"hidden\" name=\"_wpcf7_container_post\" value=\"0\" \/>\n<input type=\"hidden\" name=\"_wpcf7_posted_data_hash\" value=\"\" \/>\n<input type=\"hidden\" name=\"_uacf7_hidden_conditional_fields\" value=\"\" \/>\n<\/div>\n<div class=\"uacf7-form-6  \"><label> Ad\u0131n\u0131z\n    <span class=\"wpcf7-form-control-wrap\" data-name=\"your-name\"><input size=\"40\" maxlength=\"400\" class=\"wpcf7-form-control wpcf7-text wpcf7-validates-as-required\" autocomplete=\"name\" aria-required=\"true\" aria-invalid=\"false\" value=\"\" type=\"text\" name=\"your-name\" \/><\/span> <\/label>\n\n<label> E-posta adresiniz\n    <span class=\"wpcf7-form-control-wrap\" data-name=\"your-email\"><input size=\"40\" maxlength=\"400\" class=\"wpcf7-form-control wpcf7-email wpcf7-validates-as-required wpcf7-text wpcf7-validates-as-email\" autocomplete=\"email\" aria-required=\"true\" aria-invalid=\"false\" value=\"\" type=\"email\" name=\"your-email\" \/><\/span> <\/label>\n\n<label> Konu\n    <span class=\"wpcf7-form-control-wrap\" data-name=\"your-subject\"><input size=\"40\" maxlength=\"400\" class=\"wpcf7-form-control wpcf7-text wpcf7-validates-as-required\" aria-required=\"true\" aria-invalid=\"false\" value=\"\" type=\"text\" name=\"your-subject\" \/><\/span> <\/label>\n\n<label> \u0130letiniz (tercihe ba\u011fl\u0131)\n    <span class=\"wpcf7-form-control-wrap\" data-name=\"your-message\"><textarea cols=\"40\" rows=\"10\" maxlength=\"2000\" class=\"wpcf7-form-control wpcf7-textarea\" aria-invalid=\"false\" name=\"your-message\"><\/textarea><\/span> <\/label>\n\n<input class=\"wpcf7-form-control wpcf7-submit has-spinner\" type=\"submit\" value=\"G\u00f6nder\" \/><\/div><div class=\"wpcf7-response-output\" aria-hidden=\"true\"><\/div>\n<\/form>\n<\/div>\n[\/vc_column][\/vc_row][vc_row full_width=&#8221;stretch_row_content_no_spaces&#8221;][vc_column][vc_gmaps link=&#8221;#E-8_JTNDaWZyYW1lJTIwc3JjJTNEJTIyaHR0cHMlM0ElMkYlMkZ3d3cuZ29vZ2xlLmNvbSUyRm1hcHMlMkZlbWJlZCUzRnBiJTNEJTIxMW0xOCUyMTFtMTIlMjExbTMlMjExZDIxNDg4Ljc2MDM3OTI2ODk1NSUyMTJkMzQuNjI4MjM4OTQ3NzM1NTI1JTIxM2QzNi44MTA3NzEwMzAyNzg5MSUyMTJtMyUyMTFmMCUyMTJmMCUyMTNmMCUyMTNtMiUyMTFpMTAyNCUyMTJpNzY4JTIxNGYxMy4xJTIxM20zJTIxMW0yJTIxMXMweDE1MjdmMjRiMjgwNjEwNGIlMjUzQTB4MzI4ZDVlM2QzZDA4M2ZhOSUyMTJzQWN0aXZlJTI1MjBMb2ppc3RpayUyMTVlMCUyMTNtMiUyMTFzdHIlMjEyc2ZyJTIxNHYxNzAwNTU3NDkwMTg2JTIxNW0yJTIxMXN0ciUyMTJzZnIlMjIlMjB3aWR0aCUzRCUyMjEwMCUyNSUyMiUyMGhlaWdodCUzRCUyMjQ1MCUyMiUyMHN0eWxlJTNEJTIyYm9yZGVyJTNBMCUzQiUyMiUyMGFsbG93ZnVsbHNjcmVlbiUzRCUyMiUyMiUyMGxvYWRpbmclM0QlMjJsYXp5JTIyJTIwcmVmZXJyZXJwb2xpY3klM0QlMjJuby1yZWZlcnJlci13aGVuLWRvd25ncmFkZSUyMiUzRSUzQyUyRmlmcmFtZSUzRQ==&#8221;][\/vc_column][\/vc_row]<\/p>\n<\/section>","protected":false},"excerpt":{"rendered":"<p>[vc_row disable_element=&#8221;yes&#8221; css=&#8221;.vc_custom_1739912977905{padding-top: 70px !important;padding-bottom: 35px !important;}&#8221;][vc_column offset=&#8221;vc_col-lg-8 vc_col-md-8&#8243;][vc_row_inner][vc_column_inner offset=&#8221;vc_col-lg-6 vc_col-md-6&#8243;][\/vc_column_inner][vc_column_inner offset=&#8221;vc_col-lg-6 vc_col-md-6&#8243;][\/vc_column_inner][\/vc_row_inner][\/vc_column][vc_column css=&#8221;.vc_custom_1503374718925{padding-top: 10px !important;}&#8221; offset=&#8221;vc_col-lg-4 vc_col-md-4&#8243;][vc_column_text] \u00c7ALI\u015eMA SAATLER\u0130M\u0130Z&hellip;<\/p>\n","protected":false},"author":1,"featured_media":0,"parent":0,"menu_order":0,"comment_status":"closed","ping_status":"closed","template":"template-fullwidth.php","meta":{"_joinchat":[],"footnotes":""},"class_list":["post-19","page","type-page","status-publish","hentry","no-thumb"],"_links":{"self":[{"href":"https:\/\/activelojistik.com\/en\/wp-json\/wp\/v2\/pages\/19","targetHints":{"allow":["GET"]}}],"collection":[{"href":"https:\/\/activelojistik.com\/en\/wp-json\/wp\/v2\/pages"}],"about":[{"href":"https:\/\/activelojistik.com\/en\/wp-json\/wp\/v2\/types\/page"}],"author":[{"embeddable":true,"href":"https:\/\/activelojistik.com\/en\/wp-json\/wp\/v2\/users\/1"}],"replies":[{"embeddable":true,"href":"https:\/\/activelojistik.com\/en\/wp-json\/wp\/v2\/comments?post=19"}],"version-history":[{"count":65,"href":"https:\/\/activelojistik.com\/en\/wp-json\/wp\/v2\/pages\/19\/revisions"}],"predecessor-version":[{"id":3049,"href":"https:\/\/activelojistik.com\/en\/wp-json\/wp\/v2\/pages\/19\/revisions\/3049"}],"wp:attachment":[{"href":"https:\/\/activelojistik.com\/en\/wp-json\/wp\/v2\/media?parent=19"}],"curies":[{"name":"wp","href":"https:\/\/api.w.org\/{rel}","templated":true}]}}