{"id":13,"date":"2017-07-25T09:27:59","date_gmt":"2017-07-25T09:27:59","guid":{"rendered":"http:\/\/demo2.steelthemes.com\/cargohub\/?page_id=13"},"modified":"2025-03-03T16:22:17","modified_gmt":"2025-03-03T13:22:17","slug":"home-page-2","status":"publish","type":"page","link":"http:\/\/activelojistik.com\/en\/","title":{"rendered":"Homepage"},"content":{"rendered":"<section class=\"wpb-content-wrapper\"><p>[vc_row full_width=&#8221;stretch_row_content_no_spaces&#8221;][vc_column][rev_slider_vc alias=&#8221;slider_3&#8243;][\/vc_column][\/vc_row][vc_row css=&#8221;.vc_custom_1580355341819{margin-bottom: 97px !important;background-image: url(http:\/\/demo2.steelthemes.com\/cargohub\/wp-content\/uploads\/sites\/7\/2020\/01\/welcomebg.jpg?id=2235) !important;}&#8221;][vc_column][vc_row_inner css=&#8221;.vc_custom_1503300568761{margin-top: -133px !important;}&#8221; el_class=&#8221;icon-box-hp2&#8243;][vc_column_inner css=&#8221;.vc_custom_1503374402998{padding-right: 0px !important;}&#8221; offset=&#8221;vc_col-lg-4 vc_col-md-4&#8243;]<div class=\"fh-icon-box icon-type-theme_icon style-1 version-light show-button icon-left  no-border\" style=\"background-image: url()\"><span class=\"fh-icon\"><i class=\"flaticon-transport-5\"><\/i><\/span><h4 class=\"box-title\"><a href=\"https:\/\/activelojistik.com\/en\/road-freight\/\" title=\"Details\">Road Freight<\/a><\/h4><div class=\"desc\"><p>We emphasize operational excellence to provide the rapid service required by road transport.<\/p>\n<\/div><a href=\"https:\/\/activelojistik.com\/en\/road-freight\/\" title=\"Details\" class=\"button-box fh-btn-2\">Details<\/a><\/div>[\/vc_column_inner][vc_column_inner css=&#8221;.vc_custom_1503374410270{padding-right: 0px !important;padding-left: 0px !important;}&#8221; offset=&#8221;vc_col-lg-4 vc_col-md-4&#8243;]<div class=\"fh-icon-box icon-type-theme_icon style-1 version-light show-button icon-left  no-border\" style=\"background-image: url(http:\/\/activelojistik.com\/en\/wp-content\/uploads\/2020\/01\/bannerbelow2-1.jpg)\"><span class=\"fh-icon\"><i class=\"flaticon-transport-4\"><\/i><\/span><h4 class=\"box-title\"><a href=\"https:\/\/activelojistik.com\/en\/sea-freight\/\" title=\"Details\">Sea Freight<\/a><\/h4><div class=\"desc\"><p>We put operational excellence first to ensure rapid service required by seaplane transport.<\/p>\n<\/div><a href=\"https:\/\/activelojistik.com\/en\/sea-freight\/\" title=\"Details\" class=\"button-box fh-btn-2\">Details<\/a><\/div>[\/vc_column_inner][vc_column_inner css=&#8221;.vc_custom_1503374417030{padding-left: 0px !important;}&#8221; offset=&#8221;vc_col-lg-4 vc_col-md-4&#8243;]<div class=\"fh-icon-box icon-type-theme_icon style-1 version-light show-button icon-left  no-border\" style=\"background-image: url(http:\/\/activelojistik.com\/en\/wp-content\/uploads\/2020\/01\/bannerbelow1-1.jpg)\"><span class=\"fh-icon\"><i class=\"flaticon-transport-3\"><\/i><\/span><h4 class=\"box-title\"><a href=\"https:\/\/activelojistik.com\/en\/air-freight\/\" title=\"Details\">Air Freight<\/a><\/h4><div class=\"desc\"><p>We put operational excellence first to ensure the rapid service required by air transport.<\/p>\n<\/div><a href=\"https:\/\/activelojistik.com\/en\/air-freight\/\" title=\"Details\" class=\"button-box fh-btn-2\">Details<\/a><\/div>[\/vc_column_inner][\/vc_row_inner][vc_empty_space height=&#8221;37px&#8221;][vc_column_text]<\/p>\n<div class=\"intro-hp2\" style=\"width: 60%; margin: 0 auto; text-align: center;\">\n<h4 style=\"font-size: 30px; margin: 0; color: #fff; font-weight: 400;\">FAST AND RELIABLE LOGISTICS<\/h4>\n<\/div>\n<p>[\/vc_column_text][vc_empty_space height=&#8221;97px&#8221;][\/vc_column][\/vc_row][vc_row css=&#8221;.vc_custom_1500883654749{margin-bottom: 45px !important;}&#8221;][vc_column css=&#8221;.vc_custom_1503301727098{padding-bottom: 30px !important;}&#8221; offset=&#8221;vc_col-lg-6 vc_col-md-6&#8243;][vc_empty_space height=&#8221;13px&#8221;][vc_single_image image=&#8221;2541&#8243; img_size=&#8221;full&#8221;][\/vc_column][vc_column css=&#8221;.vc_custom_1503301733858{padding-bottom: 30px !important;}&#8221; offset=&#8221;vc_col-lg-6 vc_col-md-6&#8243;]<div class=\"fh-section-title clearfix  text-left version-dark\"><h2 style=\"font-size: 30px\">ACTIVE LOGISTICS<\/h2><\/div>[vc_empty_space height=&#8221;35px&#8221;][vc_column_text]ACTIVE LOGISTICS, as one of the leading companies in our country&#8217;s land transportation, has strengthened its place in the sector since 2003. With over twenty years of experience, we offer professional solutions to all your needs in the field of logistics.<\/p>\n<p>We continue our work without compromising on quality by adopting principles such as speed, reliability, continuity and loyalty, which are indispensable in the service sector. Our experienced, careful and harmonious staff, together with our well-equipped vehicle fleet, provide service by adopting a solution-oriented approach.[\/vc_column_text][vc_empty_space height=&#8221;30px&#8221;]<a href=\"https:\/\/activelojistik.com\/en\/about-us\/\" title=\"About Us\" class=\"fh-button button button-type-bordered align-left icon-type-none  button-color-dark\">Read More<\/a>[\/vc_column][\/vc_row][vc_row][vc_column][vc_separator color=&#8221;custom&#8221; accent_color=&#8221;#f4f4f4&#8243;][\/vc_column][\/vc_row][vc_row full_width=&#8221;stretch_row_content&#8221; enable_parallax=&#8221;yes&#8221; css=&#8221;.vc_custom_1739903128697{background-image: url(http:\/\/activelojistik.com\/en\/wp-content\/uploads\/2025\/02\/harita-zemin.jpg?id=2644) !important;background-position: center !important;background-repeat: no-repeat !important;background-size: cover !important;}&#8221;][vc_column width=&#8221;1\/2&#8243;][vc_row_inner][vc_column_inner width=&#8221;1\/4&#8243;][\/vc_column_inner][vc_column_inner width=&#8221;3\/4&#8243;][vc_empty_space height=&#8221;92px&#8221;][vc_custom_heading text=&#8221;Everything is Under Our Control Thanks to Artificial Intelligence and Digital Integration&#8221; font_container=&#8221;tag:h2|text_align:left|color:%23ffffff&#8221; use_theme_fonts=&#8221;yes&#8221;][vc_column_text]<span style=\"color: #ffffff;\">We work day and night with our expert staff to provide better service to our valued customers in 45 different countries.<\/span>[\/vc_column_text][vc_empty_space height=&#8221;20px&#8221;]<a href=\"https:\/\/activelojistik.com\/en\/countries-in-work\/\" title=\"Countries in work\" class=\"fh-button button button-type-bordered align-left icon-type-none  button-color-white\">Countries in work<\/a>[vc_empty_space height=&#8221;36px&#8221;][\/vc_column_inner][\/vc_row_inner][\/vc_column][vc_column width=&#8221;1\/2&#8243;][vc_single_image image=&#8221;2741&#8243; img_size=&#8221;full&#8221;][vc_empty_space][\/vc_column][\/vc_row][vc_row css=&#8221;.vc_custom_1740957543208{padding-top: 80px !important;padding-bottom: 45px !important;background-color: #f4f4f4 !important;}&#8221;][vc_column offset=&#8221;vc_col-lg-4 vc_col-md-6&#8243;]<div class=\"fh-service-box icon-type-theme_icon style-2  \"><span class=\"fh-icon\"><i class=\"flaticon-international-delivery\"><\/i><\/span><h4 class=\"box-title\">International Transportation<\/h4><div class=\"desc\"><p>Active Logistics prioritizes operational excellence to provide the high-speed service required by land transportation.<\/p>\n<\/div><\/div>[\/vc_column][vc_column offset=&#8221;vc_col-lg-4 vc_col-md-6&#8243;]<div class=\"fh-service-box icon-type-theme_icon style-2  \"><span class=\"fh-icon\"><i class=\"flaticon-transport-9\"><\/i><\/span><h4 class=\"box-title\">Sea Freight<\/h4><div class=\"desc\"><p>Active Logistics emphasizes operational excellence to provide the fast service required by sea transportation.<\/p>\n<\/div><\/div>[\/vc_column][vc_column offset=&#8221;vc_col-lg-4 vc_col-md-6&#8243;]<div class=\"fh-service-box icon-type-theme_icon style-2  \"><span class=\"fh-icon\"><i class=\"flaticon-transport-1\"><\/i><\/span><h4 class=\"box-title\">Safe Transportation<\/h4><div class=\"desc\"><p>Active Logistics prioritizes your safety with its staff equipped with all the necessary software and hardware to ensure maximum security of your cargo.<\/p>\n<\/div><\/div>[\/vc_column][\/vc_row][vc_row disable_element=&#8221;yes&#8221; css=&#8221;.vc_custom_1739861577081{padding-top: 80px !important;padding-bottom: 45px !important;background-color: #f4f4f4 !important;}&#8221;][vc_column offset=&#8221;vc_col-lg-4 vc_col-md-6&#8243;]<div class=\"fh-service-box icon-type-theme_icon style-2  \"><span class=\"fh-icon\"><i class=\"flaticon-open-cardboard-box\"><\/i><\/span><h4 class=\"service-title\"><a href=\"#\" class=\"link\"  target=\"_blank\">G\u00fcmr\u00fckleme<\/a><\/h4><div class=\"desc\"><p>Active Lojistik \u00a0hava ta\u015f\u0131mac\u0131l\u0131\u011f\u0131n\u0131n gerektirdi\u011fi h\u0131zl\u0131 hizmeti sa\u011flamak i\u00e7in, operasyonel m\u00fckemmelli\u011fi \u00f6n planda tutmaktad\u0131r.<\/p>\n<\/div><\/div><div class=\"fh-service-box icon-type-theme_icon style-2  \"><span class=\"fh-icon\"><i class=\"flaticon-buildings\"><\/i><\/span><h4 class=\"service-title\"><a href=\"#\" class=\"link\"  target=\"_blank\">Depolama<\/a><\/h4><div class=\"desc\"><p>Active Lojistik \u00a0hava ta\u015f\u0131mac\u0131l\u0131\u011f\u0131n\u0131n gerektirdi\u011fi h\u0131zl\u0131 hizmeti sa\u011flamak i\u00e7in, operasyonel m\u00fckemmelli\u011fi \u00f6n planda tutmaktad\u0131r.<\/p>\n<\/div><\/div>[\/vc_column][vc_column offset=&#8221;vc_col-lg-4 vc_col-md-6&#8243;]<div class=\"fh-service-box icon-type-theme_icon style-2  \"><span class=\"fh-icon\"><i class=\"flaticon-transport-9\"><\/i><\/span><h4 class=\"service-title\"><a href=\"#\" class=\"link\"  target=\"_blank\">Denizyolu Ta\u015f\u0131mac\u0131l\u0131\u011f\u0131<\/a><\/h4><div class=\"desc\"><p>Active Lojistik \u00a0hava ta\u015f\u0131mac\u0131l\u0131\u011f\u0131n\u0131n gerektirdi\u011fi h\u0131zl\u0131 hizmeti sa\u011flamak i\u00e7in, operasyonel m\u00fckemmelli\u011fi \u00f6n planda tutmaktad\u0131r.<\/p>\n<\/div><\/div><div class=\"fh-service-box icon-type-theme_icon style-2  \"><span class=\"fh-icon\"><i class=\"flaticon-international-delivery\"><\/i><\/span><h4 class=\"service-title\"><a href=\"#\" class=\"link\"  target=\"_blank\">Uluslararas\u0131 Ta\u015f\u0131mac\u0131l\u0131k<\/a><\/h4><div class=\"desc\"><p>Active Lojistik \u00a0hava ta\u015f\u0131mac\u0131l\u0131\u011f\u0131n\u0131n gerektirdi\u011fi h\u0131zl\u0131 hizmeti sa\u011flamak i\u00e7in, operasyonel m\u00fckemmelli\u011fi \u00f6n planda tutmaktad\u0131r.<\/p>\n<\/div><\/div>[\/vc_column][vc_column offset=&#8221;vc_col-lg-4 vc_col-md-6&#8243;]<div class=\"fh-service-box icon-type-theme_icon style-2  \"><span class=\"fh-icon\"><i class=\"flaticon-transport-2\"><\/i><\/span><h4 class=\"service-title\"><a href=\"#\" class=\"link\"  target=\"_blank\">Kap\u0131dan Kap\u0131ya Teslim<\/a><\/h4><div class=\"desc\"><p>Active Lojistik \u00a0karayolu ta\u015f\u0131mac\u0131l\u0131\u011f\u0131n\u0131n gerektirdi\u011fi h\u0131zl\u0131 hizmeti sa\u011flamak i\u00e7in, operasyonel m\u00fckemmelli\u011fi \u00f6n planda tutmaktad\u0131r.<\/p>\n<\/div><\/div><div class=\"fh-service-box icon-type-theme_icon style-2  \"><span class=\"fh-icon\"><i class=\"flaticon-transport-1\"><\/i><\/span><h4 class=\"service-title\"><a href=\"#\" class=\"link\"  target=\"_blank\">G\u00fcvenli Ta\u015f\u0131mac\u0131l\u0131k<\/a><\/h4><div class=\"desc\"><p>Active Lojistik \u00a0karayolu ta\u015f\u0131mac\u0131l\u0131\u011f\u0131n\u0131n gerektirdi\u011fi h\u0131zl\u0131 hizmeti sa\u011flamak i\u00e7in, operasyonel m\u00fckemmelli\u011fi \u00f6n planda tutmaktad\u0131r.<\/p>\n<\/div><\/div>[\/vc_column][\/vc_row][vc_row css=&#8221;.vc_custom_1740086220018{padding-top: 80px !important;padding-bottom: 80px !important;background-image: url(http:\/\/activelojistik.com\/en\/wp-content\/uploads\/2025\/02\/active-lojistik-background-03.jpg?id=2783) !important;background-position: center !important;background-repeat: no-repeat !important;background-size: cover !important;}&#8221;][vc_column offset=&#8221;vc_col-lg-6 vc_col-md-6&#8243;][vc_custom_heading text=&#8221;YOUR LOAD IS DELIVERED TO YOUR TARGET 100% SECURE&#8221; font_container=&#8221;tag:h1|font_size:34|text_align:left|color:%23ffffff&#8221; use_theme_fonts=&#8221;yes&#8221;][vc_empty_space height=&#8221;8px&#8221;][vc_custom_heading text=&#8221;+90 324 239 22 69&#8243; font_container=&#8221;tag:h2|text_align:left|color:%23ffffff&#8221; use_theme_fonts=&#8221;yes&#8221;][vc_empty_space height=&#8221;10px&#8221;][vc_column_text]<\/p>\n<div style=\"color: #dde2fc;\">Contact us for details and prices..<\/div>\n<p>[\/vc_column_text][vc_empty_space height=&#8221;45px&#8221;]<a href=\"https:\/\/activelojistik.com\/en\/get-a-quote\/\" title=\"Get a Quote\" class=\"fh-button button button-type-normal align-left icon-type-none  fh-btn\">Get a Quote<\/a>[\/vc_column][vc_column offset=&#8221;vc_col-lg-6 vc_col-md-6&#8243;][\/vc_column][\/vc_row][vc_row css=&#8221;.vc_custom_1500885949897{padding-top: 75px !important;padding-bottom: 80px !important;}&#8221;][vc_column offset=&#8221;vc_col-lg-6 vc_col-md-6&#8243;][vc_single_image image=&#8221;2225&#8243; img_size=&#8221;full&#8221;][\/vc_column][vc_column offset=&#8221;vc_col-lg-6 vc_col-md-6&#8243;]<div class=\"fh-section-title clearfix  text-left version-dark\"><h2 style=\"font-size: 30px\">COMPLETE SOLUTION IN TRANSPORTATION<\/h2><\/div>[vc_empty_space height=&#8221;35px&#8221;][vc_column_text]Our longtime logistics company has been a member of an international logistics group, and today it is growing by the day with its own tools, infrastructure and portfolio. Active Logistics has a great international experience and accumulation and provides international transportation services between Europe, the Middle East and the Turkish Republics. The Active Logistics expert team attaches great importance to accurate information and rapid return in order to better serve their customers. With customer satisfaction and the confidence it has gained, it is seeking leadership in its industry.[\/vc_column_text][vc_empty_space height=&#8221;30px&#8221;]<a href=\"https:\/\/activelojistik.com\/en\/full-truck-load\/\" title=\"Full Truck Load FTL \u2013 FCL\" class=\"fh-button button button-type-bordered align-left icon-type-none  button-color-dark\">Details<\/a>[\/vc_column][\/vc_row][vc_row full_width=&#8221;stretch_row&#8221; enable_parallax=&#8221;yes&#8221; css=&#8221;.vc_custom_1580786688432{background: #0c1239 url(http:\/\/demo2.steelthemes.com\/cargohub\/wp-content\/uploads\/sites\/7\/2020\/02\/bg-box-2.jpg?id=2287) !important;}&#8221; el_class=&#8221;icon-box-2-hp2&#8243;][vc_column css=&#8221;.vc_custom_1503300963841{border-right-width: 1px !important;padding-right: 60px !important;padding-bottom: 60px !important;padding-left: 60px !important;border-right-color: rgba(255,255,255,0.15) !important;border-right-style: solid !important;}&#8221; offset=&#8221;vc_col-lg-4 vc_col-md-6&#8243;][vc_empty_space height=&#8221;85px&#8221;]<div class=\"fh-icon-box icon-type-theme_icon style-3 version-dark hide-button icon-left  \" style=\"background-image: url()\"><span class=\"fh-icon\"><i class=\"flaticon-internet\"><\/i><\/span><h4 class=\"box-title\"><span >Vehicle Tracking Systems<\/span><\/h4><div class=\"desc\"><p>All our vehicles are monitored momentarily via satellite vehicle tracking systems.<\/p>\n<\/div><\/div>[\/vc_column][vc_column css=&#8221;.vc_custom_1503300973257{border-right-width: 1px !important;padding-right: 60px !important;padding-bottom: 60px !important;padding-left: 60px !important;border-right-color: rgba(255,255,255,0.15) !important;border-right-style: solid !important;}&#8221; offset=&#8221;vc_col-lg-4 vc_col-md-6&#8243;][vc_empty_space height=&#8221;85px&#8221;]<div class=\"fh-icon-box icon-type-theme_icon style-3 version-dark hide-button icon-left  \" style=\"background-image: url()\"><span class=\"fh-icon\"><i class=\"flaticon-shield\"><\/i><\/span><h4 class=\"box-title\"><span >High Security<\/span><\/h4><div class=\"desc\"><p>With high-tech security devices in our vehicles, your loads are safe and controlled<\/p>\n<\/div><\/div>[\/vc_column][vc_column css=&#8221;.vc_custom_1503301497226{padding-right: 60px !important;padding-bottom: 60px !important;padding-left: 60px !important;}&#8221; offset=&#8221;vc_col-lg-4 vc_col-md-12&#8243; el_class=&#8221;text-center&#8221;][vc_empty_space height=&#8221;85px&#8221;]<div class=\"fh-icon-box icon-type-theme_icon style-3 version-dark hide-button icon-left  \" style=\"background-image: url()\"><span class=\"fh-icon\"><i class=\"flaticon-technology\"><\/i><\/span><h4 class=\"box-title\"><span >24\/7 Support Service<\/span><\/h4><div class=\"desc\"><p>Receive 24\/7 phone support from our support team on the latest status of your loads and tools<\/p>\n<\/div><\/div>[\/vc_column][\/vc_row][vc_row full_width=&#8221;stretch_row_content_no_spaces&#8221; disable_element=&#8221;yes&#8221;][vc_column]Unable to contact Google API service.[\/vc_column][\/vc_row][vc_row][vc_column width=&#8221;1\/2&#8243;][vc_empty_space]<div class=\"fh-partner clearfix \" data-columns=\"5\" data-border-w=\"1\">\n\t\t\t\t<div class=\"list-item owl-carousel\"><div class=\"partner-item\" style=\"border-width:1px; border-style: solid; border-color:#f4f4f4;\">\n\t\t\t\t\t\t\t<div class=\"partner-content\"><a  target=\"_self\" ><img decoding=\"async\" alt=\"2665\"  src=\"http:\/\/activelojistik.com\/en\/wp-content\/uploads\/2025\/02\/active-lojisitk-und.jpg\"><\/a><\/div>\n\t\t\t\t\t\t<\/div><div class=\"partner-item\" style=\"border-width:1px; border-style: solid; border-color:#f4f4f4;\">\n\t\t\t\t\t\t\t<div class=\"partner-content\"><a  target=\"_self\" ><img decoding=\"async\" alt=\"2682\"  src=\"http:\/\/activelojistik.com\/en\/wp-content\/uploads\/2025\/02\/active-lojisitk-utikad.jpg\"><\/a><\/div>\n\t\t\t\t\t\t<\/div><div class=\"partner-item\" style=\"border-width:1px; border-style: solid; border-color:#f4f4f4;\">\n\t\t\t\t\t\t\t<div class=\"partner-content\"><a  target=\"_self\" ><img decoding=\"async\" alt=\"2687\"  src=\"http:\/\/activelojistik.com\/en\/wp-content\/uploads\/2025\/02\/active-lojisitk-gdp-2.jpg\"><\/a><\/div>\n\t\t\t\t\t\t<\/div><div class=\"partner-item\" style=\"border-width:1px; border-style: solid; border-color:#f4f4f4;\">\n\t\t\t\t\t\t\t<div class=\"partner-content\"><a  target=\"_self\" ><img decoding=\"async\" alt=\"2662\"  src=\"http:\/\/activelojistik.com\/en\/wp-content\/uploads\/2025\/02\/active-lojisitk-mtso.jpg\"><\/a><\/div>\n\t\t\t\t\t\t<\/div><div class=\"partner-item\" style=\"border-width:1px; border-style: solid; border-color:#f4f4f4;\">\n\t\t\t\t\t\t\t<div class=\"partner-content\"><a  target=\"_self\" ><img decoding=\"async\" alt=\"2830\"  src=\"http:\/\/activelojistik.com\/en\/wp-content\/uploads\/2025\/02\/tio-belge-turu.jpg\"><\/a><\/div>\n\t\t\t\t\t\t<\/div><\/div>\n\t\t\t<\/div>[vc_empty_space][\/vc_column][vc_column width=&#8221;1\/2&#8243;][vc_empty_space]<div class=\"fh-partner clearfix \" data-columns=\"5\" data-border-w=\"1\">\n\t\t\t\t<div class=\"list-item owl-carousel\"><div class=\"partner-item\" style=\"border-width:1px; border-style: solid; border-color:#f4f4f4;\">\n\t\t\t\t\t\t\t<div class=\"partner-content\"><a  target=\"_self\" ><img decoding=\"async\" alt=\"2832\"  src=\"http:\/\/activelojistik.com\/en\/wp-content\/uploads\/2025\/02\/l2-belge-turu.jpg\"><\/a><\/div>\n\t\t\t\t\t\t<\/div><div class=\"partner-item\" style=\"border-width:1px; border-style: solid; border-color:#f4f4f4;\">\n\t\t\t\t\t\t\t<div class=\"partner-content\"><a  target=\"_self\" ><img decoding=\"async\" alt=\"2689\"  src=\"http:\/\/activelojistik.com\/en\/wp-content\/uploads\/2025\/02\/iso-1002.jpg\"><\/a><\/div>\n\t\t\t\t\t\t<\/div><div class=\"partner-item\" style=\"border-width:1px; border-style: solid; border-color:#f4f4f4;\">\n\t\t\t\t\t\t\t<div class=\"partner-content\"><a  target=\"_self\" ><img decoding=\"async\" alt=\"2690\"  src=\"http:\/\/activelojistik.com\/en\/wp-content\/uploads\/2025\/02\/iso-9001.jpg\"><\/a><\/div>\n\t\t\t\t\t\t<\/div><div class=\"partner-item\" style=\"border-width:1px; border-style: solid; border-color:#f4f4f4;\">\n\t\t\t\t\t\t\t<div class=\"partner-content\"><a  target=\"_self\" ><img decoding=\"async\" alt=\"2691\"  src=\"http:\/\/activelojistik.com\/en\/wp-content\/uploads\/2025\/02\/iso-14001.jpg\"><\/a><\/div>\n\t\t\t\t\t\t<\/div><div class=\"partner-item\" style=\"border-width:1px; border-style: solid; border-color:#f4f4f4;\">\n\t\t\t\t\t\t\t<div class=\"partner-content\"><a  target=\"_self\" ><img decoding=\"async\" alt=\"2692\"  src=\"http:\/\/activelojistik.com\/en\/wp-content\/uploads\/2025\/02\/iso-45001.jpg\"><\/a><\/div>\n\t\t\t\t\t\t<\/div><\/div>\n\t\t\t<\/div>[vc_empty_space][\/vc_column][\/vc_row][vc_row full_width=&#8221;stretch_row_content_no_spaces&#8221; disable_element=&#8221;yes&#8221;][vc_column][vc_gmaps link=&#8221;#E-8_JTNDaWZyYW1lJTIwc3JjJTNEJTIyaHR0cHMlM0ElMkYlMkZ3d3cuZ29vZ2xlLmNvbSUyRm1hcHMlMkZlbWJlZCUzRnBiJTNEJTIxMW0xOCUyMTFtMTIlMjExbTMlMjExZDIxNDg4Ljc2MDM3OTI2ODk1NSUyMTJkMzQuNjI4MjM4OTQ3NzM1NTI1JTIxM2QzNi44MTA3NzEwMzAyNzg5MSUyMTJtMyUyMTFmMCUyMTJmMCUyMTNmMCUyMTNtMiUyMTFpMTAyNCUyMTJpNzY4JTIxNGYxMy4xJTIxM20zJTIxMW0yJTIxMXMweDE1MjdmMjRiMjgwNjEwNGIlMjUzQTB4MzI4ZDVlM2QzZDA4M2ZhOSUyMTJzQWN0aXZlJTI1MjBMb2ppc3RpayUyMTVlMCUyMTNtMiUyMTFzdHIlMjEyc2ZyJTIxNHYxNzAwNTU3NDkwMTg2JTIxNW0yJTIxMXN0ciUyMTJzZnIlMjIlMjB3aWR0aCUzRCUyMjEwMCUyNSUyMiUyMGhlaWdodCUzRCUyMjQ1MCUyMiUyMHN0eWxlJTNEJTIyYm9yZGVyJTNBMCUzQiUyMiUyMGFsbG93ZnVsbHNjcmVlbiUzRCUyMiUyMiUyMGxvYWRpbmclM0QlMjJsYXp5JTIyJTIwcmVmZXJyZXJwb2xpY3klM0QlMjJuby1yZWZlcnJlci13aGVuLWRvd25ncmFkZSUyMiUzRSUzQyUyRmlmcmFtZSUzRQ==&#8221;][\/vc_column][\/vc_row]<\/p>\n<\/section>","protected":false},"excerpt":{"rendered":"<p>[vc_row full_width=&#8221;stretch_row_content_no_spaces&#8221;][vc_column][rev_slider_vc alias=&#8221;slider_3&#8243;][\/vc_column][\/vc_row][vc_row css=&#8221;.vc_custom_1580355341819{margin-bottom: 97px !important;background-image: url(http:\/\/demo2.steelthemes.com\/cargohub\/wp-content\/uploads\/sites\/7\/2020\/01\/welcomebg.jpg?id=2235) !important;}&#8221;][vc_column][vc_row_inner css=&#8221;.vc_custom_1503300568761{margin-top: -133px !important;}&#8221; el_class=&#8221;icon-box-hp2&#8243;][vc_column_inner css=&#8221;.vc_custom_1503374402998{padding-right: 0px !important;}&#8221; offset=&#8221;vc_col-lg-4 vc_col-md-4&#8243;][\/vc_column_inner][vc_column_inner css=&#8221;.vc_custom_1503374410270{padding-right: 0px !important;padding-left:&hellip;<\/p>\n","protected":false},"author":1,"featured_media":0,"parent":0,"menu_order":0,"comment_status":"closed","ping_status":"closed","template":"template-homepage.php","meta":{"_joinchat":[],"footnotes":""},"class_list":["post-13","page","type-page","status-publish","hentry","no-thumb"],"_links":{"self":[{"href":"http:\/\/activelojistik.com\/en\/wp-json\/wp\/v2\/pages\/13","targetHints":{"allow":["GET"]}}],"collection":[{"href":"http:\/\/activelojistik.com\/en\/wp-json\/wp\/v2\/pages"}],"about":[{"href":"http:\/\/activelojistik.com\/en\/wp-json\/wp\/v2\/types\/page"}],"author":[{"embeddable":true,"href":"http:\/\/activelojistik.com\/en\/wp-json\/wp\/v2\/users\/1"}],"replies":[{"embeddable":true,"href":"http:\/\/activelojistik.com\/en\/wp-json\/wp\/v2\/comments?post=13"}],"version-history":[{"count":199,"href":"http:\/\/activelojistik.com\/en\/wp-json\/wp\/v2\/pages\/13\/revisions"}],"predecessor-version":[{"id":3158,"href":"http:\/\/activelojistik.com\/en\/wp-json\/wp\/v2\/pages\/13\/revisions\/3158"}],"wp:attachment":[{"href":"http:\/\/activelojistik.com\/en\/wp-json\/wp\/v2\/media?parent=13"}],"curies":[{"name":"wp","href":"https:\/\/api.w.org\/{rel}","templated":true}]}}